{"id":2028,"date":"2016-12-27T23:29:02","date_gmt":"2016-12-27T23:29:02","guid":{"rendered":"http:\/\/hogardecoracion.co\/inicio\/producto\/sofa-cama\/"},"modified":"2024-12-07T16:55:24","modified_gmt":"2024-12-07T16:55:24","slug":"sofa-cama","status":"publish","type":"product","link":"https:\/\/hogardecoracion.co\/inicio\/producto\/sofa-cama\/","title":{"rendered":"Sofa Cama"},"content":{"rendered":"<div class=\"row\"><b>Sofacama de herraje alem\u00e1n:<\/b>Un dise\u00f1o moderno y elegante que se ajusta a cualquier ambiente, aparte de la comodidad que ofrece este sof\u00e1, su herraje le permitir\u00e1 tener varias posiciones de descanso. Tambi\u00e9n usted tiene la posibilidad de escoger la tela de su preferencia con el cual estar\u00e1 tapizado su sofacama.<\/p>\n<p><b>Sofacama flip flop:<\/b><\/p>\n<p>Un sofacama adaptable a cualquier tipo de espacio que le permitir\u00e1 adornar con elegancia su hogar, aparte de ser c\u00f3modo y confortable tiene un dise\u00f1o moderno y f\u00e1cil de usar. Viene con una estructura en pino seco y un tapizado adaptable a su gusto (podr\u00e1 ud escoger la tela del tapiz).<\/p>\n<\/div>\n","protected":false},"excerpt":{"rendered":"<p>Sofacama de herraje alem\u00e1n:Un dise\u00f1o moderno y elegante que se ajusta a cualquier ambiente, aparte de la comodidad que ofrece este sof\u00e1, su herraje le permitir\u00e1 tener varias posiciones de descanso. Tambi\u00e9n usted tiene la posibilidad de escoger la tela de su preferencia con el cual estar\u00e1 tapizado su sofacama. Sofacama flip flop: Un sofacama<\/p>\n","protected":false},"featured_media":2029,"comment_status":"open","ping_status":"closed","template":"","meta":[],"product_brand":[],"product_cat":[121],"product_tag":[],"class_list":{"0":"post-2028","1":"product","2":"type-product","3":"status-publish","4":"has-post-thumbnail","6":"product_cat-mobiliario","8":"first","9":"instock","10":"shipping-taxable","11":"product-type-simple"},"yoast_head":"<!-- This site is optimized with the Yoast SEO plugin v26.3 - https:\/\/yoast.com\/wordpress\/plugins\/seo\/ -->\n<title>Sofa Cama - hogar y decoraci\u00f3n<\/title>\n<meta name=\"robots\" content=\"index, follow, max-snippet:-1, max-image-preview:large, max-video-preview:-1\" \/>\n<link rel=\"canonical\" href=\"https:\/\/hogardecoracion.co\/inicio\/producto\/sofa-cama\/\" \/>\n<meta property=\"og:locale\" content=\"es_ES\" \/>\n<meta property=\"og:type\" content=\"article\" \/>\n<meta property=\"og:title\" content=\"Sofa Cama - hogar y decoraci\u00f3n\" \/>\n<meta property=\"og:description\" content=\"Sofacama de herraje alem\u00e1n:Un dise\u00f1o moderno y elegante que se ajusta a cualquier ambiente, aparte de la comodidad que ofrece este sof\u00e1, su herraje le permitir\u00e1 tener varias posiciones de descanso. Tambi\u00e9n usted tiene la posibilidad de escoger la tela de su preferencia con el cual estar\u00e1 tapizado su sofacama. Sofacama flip flop: Un sofacama\" \/>\n<meta property=\"og:url\" content=\"https:\/\/hogardecoracion.co\/inicio\/producto\/sofa-cama\/\" \/>\n<meta property=\"og:site_name\" content=\"hogar y decoraci\u00f3n\" \/>\n<meta property=\"article:modified_time\" content=\"2024-12-07T16:55:24+00:00\" \/>\n<meta property=\"og:image\" content=\"https:\/\/hogardecoracion.co\/inicio\/wp-content\/uploads\/2016\/12\/sofa-cama2.jpg\" \/>\n\t<meta property=\"og:image:width\" content=\"600\" \/>\n\t<meta property=\"og:image:height\" content=\"400\" \/>\n\t<meta property=\"og:image:type\" content=\"image\/jpeg\" \/>\n<meta name=\"twitter:card\" content=\"summary_large_image\" \/>\n<meta name=\"twitter:label1\" content=\"Tiempo de lectura\" \/>\n\t<meta name=\"twitter:data1\" content=\"1 minuto\" \/>\n<script type=\"application\/ld+json\" class=\"yoast-schema-graph\">{\"@context\":\"https:\/\/schema.org\",\"@graph\":[{\"@type\":\"WebPage\",\"@id\":\"https:\/\/hogardecoracion.co\/inicio\/producto\/sofa-cama\/\",\"url\":\"https:\/\/hogardecoracion.co\/inicio\/producto\/sofa-cama\/\",\"name\":\"Sofa Cama - hogar y decoraci\u00f3n\",\"isPartOf\":{\"@id\":\"https:\/\/hogardecoracion.co\/inicio\/#website\"},\"primaryImageOfPage\":{\"@id\":\"https:\/\/hogardecoracion.co\/inicio\/producto\/sofa-cama\/#primaryimage\"},\"image\":{\"@id\":\"https:\/\/hogardecoracion.co\/inicio\/producto\/sofa-cama\/#primaryimage\"},\"thumbnailUrl\":\"https:\/\/hogardecoracion.co\/inicio\/wp-content\/uploads\/2016\/12\/sofa-cama2.jpg\",\"datePublished\":\"2016-12-27T23:29:02+00:00\",\"dateModified\":\"2024-12-07T16:55:24+00:00\",\"breadcrumb\":{\"@id\":\"https:\/\/hogardecoracion.co\/inicio\/producto\/sofa-cama\/#breadcrumb\"},\"inLanguage\":\"es\",\"potentialAction\":[{\"@type\":\"ReadAction\",\"target\":[\"https:\/\/hogardecoracion.co\/inicio\/producto\/sofa-cama\/\"]}]},{\"@type\":\"ImageObject\",\"inLanguage\":\"es\",\"@id\":\"https:\/\/hogardecoracion.co\/inicio\/producto\/sofa-cama\/#primaryimage\",\"url\":\"https:\/\/hogardecoracion.co\/inicio\/wp-content\/uploads\/2016\/12\/sofa-cama2.jpg\",\"contentUrl\":\"https:\/\/hogardecoracion.co\/inicio\/wp-content\/uploads\/2016\/12\/sofa-cama2.jpg\",\"width\":600,\"height\":400},{\"@type\":\"BreadcrumbList\",\"@id\":\"https:\/\/hogardecoracion.co\/inicio\/producto\/sofa-cama\/#breadcrumb\",\"itemListElement\":[{\"@type\":\"ListItem\",\"position\":1,\"name\":\"Portada\",\"item\":\"https:\/\/hogardecoracion.co\/inicio\/\"},{\"@type\":\"ListItem\",\"position\":2,\"name\":\"Cat\u00e1logo\",\"item\":\"https:\/\/hogardecoracion.co\/inicio\/catalogo\/\"},{\"@type\":\"ListItem\",\"position\":3,\"name\":\"Sofa Cama\"}]},{\"@type\":\"WebSite\",\"@id\":\"https:\/\/hogardecoracion.co\/inicio\/#website\",\"url\":\"https:\/\/hogardecoracion.co\/inicio\/\",\"name\":\"hogar y decoraci\u00f3n\",\"description\":\"Hogar y decoraci\u00f3n una empresa con total voluntad de satisfacer las necesidades de las personas o instituciones interesadas en la compra de productos relacionados con est\u00e9tica e innovaci\u00f3n mobiliaria.\",\"potentialAction\":[{\"@type\":\"SearchAction\",\"target\":{\"@type\":\"EntryPoint\",\"urlTemplate\":\"https:\/\/hogardecoracion.co\/inicio\/?s={search_term_string}\"},\"query-input\":{\"@type\":\"PropertyValueSpecification\",\"valueRequired\":true,\"valueName\":\"search_term_string\"}}],\"inLanguage\":\"es\"}]}<\/script>\n<!-- \/ Yoast SEO plugin. -->","yoast_head_json":{"title":"Sofa Cama - hogar y decoraci\u00f3n","robots":{"index":"index","follow":"follow","max-snippet":"max-snippet:-1","max-image-preview":"max-image-preview:large","max-video-preview":"max-video-preview:-1"},"canonical":"https:\/\/hogardecoracion.co\/inicio\/producto\/sofa-cama\/","og_locale":"es_ES","og_type":"article","og_title":"Sofa Cama - hogar y decoraci\u00f3n","og_description":"Sofacama de herraje alem\u00e1n:Un dise\u00f1o moderno y elegante que se ajusta a cualquier ambiente, aparte de la comodidad que ofrece este sof\u00e1, su herraje le permitir\u00e1 tener varias posiciones de descanso. Tambi\u00e9n usted tiene la posibilidad de escoger la tela de su preferencia con el cual estar\u00e1 tapizado su sofacama. Sofacama flip flop: Un sofacama","og_url":"https:\/\/hogardecoracion.co\/inicio\/producto\/sofa-cama\/","og_site_name":"hogar y decoraci\u00f3n","article_modified_time":"2024-12-07T16:55:24+00:00","og_image":[{"width":600,"height":400,"url":"https:\/\/hogardecoracion.co\/inicio\/wp-content\/uploads\/2016\/12\/sofa-cama2.jpg","type":"image\/jpeg"}],"twitter_card":"summary_large_image","twitter_misc":{"Tiempo de lectura":"1 minuto"},"schema":{"@context":"https:\/\/schema.org","@graph":[{"@type":"WebPage","@id":"https:\/\/hogardecoracion.co\/inicio\/producto\/sofa-cama\/","url":"https:\/\/hogardecoracion.co\/inicio\/producto\/sofa-cama\/","name":"Sofa Cama - hogar y decoraci\u00f3n","isPartOf":{"@id":"https:\/\/hogardecoracion.co\/inicio\/#website"},"primaryImageOfPage":{"@id":"https:\/\/hogardecoracion.co\/inicio\/producto\/sofa-cama\/#primaryimage"},"image":{"@id":"https:\/\/hogardecoracion.co\/inicio\/producto\/sofa-cama\/#primaryimage"},"thumbnailUrl":"https:\/\/hogardecoracion.co\/inicio\/wp-content\/uploads\/2016\/12\/sofa-cama2.jpg","datePublished":"2016-12-27T23:29:02+00:00","dateModified":"2024-12-07T16:55:24+00:00","breadcrumb":{"@id":"https:\/\/hogardecoracion.co\/inicio\/producto\/sofa-cama\/#breadcrumb"},"inLanguage":"es","potentialAction":[{"@type":"ReadAction","target":["https:\/\/hogardecoracion.co\/inicio\/producto\/sofa-cama\/"]}]},{"@type":"ImageObject","inLanguage":"es","@id":"https:\/\/hogardecoracion.co\/inicio\/producto\/sofa-cama\/#primaryimage","url":"https:\/\/hogardecoracion.co\/inicio\/wp-content\/uploads\/2016\/12\/sofa-cama2.jpg","contentUrl":"https:\/\/hogardecoracion.co\/inicio\/wp-content\/uploads\/2016\/12\/sofa-cama2.jpg","width":600,"height":400},{"@type":"BreadcrumbList","@id":"https:\/\/hogardecoracion.co\/inicio\/producto\/sofa-cama\/#breadcrumb","itemListElement":[{"@type":"ListItem","position":1,"name":"Portada","item":"https:\/\/hogardecoracion.co\/inicio\/"},{"@type":"ListItem","position":2,"name":"Cat\u00e1logo","item":"https:\/\/hogardecoracion.co\/inicio\/catalogo\/"},{"@type":"ListItem","position":3,"name":"Sofa Cama"}]},{"@type":"WebSite","@id":"https:\/\/hogardecoracion.co\/inicio\/#website","url":"https:\/\/hogardecoracion.co\/inicio\/","name":"hogar y decoraci\u00f3n","description":"Hogar y decoraci\u00f3n una empresa con total voluntad de satisfacer las necesidades de las personas o instituciones interesadas en la compra de productos relacionados con est\u00e9tica e innovaci\u00f3n mobiliaria.","potentialAction":[{"@type":"SearchAction","target":{"@type":"EntryPoint","urlTemplate":"https:\/\/hogardecoracion.co\/inicio\/?s={search_term_string}"},"query-input":{"@type":"PropertyValueSpecification","valueRequired":true,"valueName":"search_term_string"}}],"inLanguage":"es"}]}},"_links":{"self":[{"href":"https:\/\/hogardecoracion.co\/inicio\/wp-json\/wp\/v2\/product\/2028","targetHints":{"allow":["GET"]}}],"collection":[{"href":"https:\/\/hogardecoracion.co\/inicio\/wp-json\/wp\/v2\/product"}],"about":[{"href":"https:\/\/hogardecoracion.co\/inicio\/wp-json\/wp\/v2\/types\/product"}],"replies":[{"embeddable":true,"href":"https:\/\/hogardecoracion.co\/inicio\/wp-json\/wp\/v2\/comments?post=2028"}],"wp:featuredmedia":[{"embeddable":true,"href":"https:\/\/hogardecoracion.co\/inicio\/wp-json\/wp\/v2\/media\/2029"}],"wp:attachment":[{"href":"https:\/\/hogardecoracion.co\/inicio\/wp-json\/wp\/v2\/media?parent=2028"}],"wp:term":[{"taxonomy":"product_brand","embeddable":true,"href":"https:\/\/hogardecoracion.co\/inicio\/wp-json\/wp\/v2\/product_brand?post=2028"},{"taxonomy":"product_cat","embeddable":true,"href":"https:\/\/hogardecoracion.co\/inicio\/wp-json\/wp\/v2\/product_cat?post=2028"},{"taxonomy":"product_tag","embeddable":true,"href":"https:\/\/hogardecoracion.co\/inicio\/wp-json\/wp\/v2\/product_tag?post=2028"}],"curies":[{"name":"wp","href":"https:\/\/api.w.org\/{rel}","templated":true}]}}