{"id":1963,"date":"2016-12-27T20:26:30","date_gmt":"2016-12-27T20:26:30","guid":{"rendered":"http:\/\/hogardecoracion.co\/inicio\/producto\/nauge\/"},"modified":"2024-12-07T16:55:24","modified_gmt":"2024-12-07T16:55:24","slug":"nauge","status":"publish","type":"product","link":"https:\/\/hogardecoracion.co\/inicio\/producto\/nauge\/","title":{"rendered":"Nauge"},"content":{"rendered":"","protected":false},"excerpt":{"rendered":"<div class=\"row\">\u00a1La mejor calidad y tecnolog\u00eda en una sola pieza! El colch\u00f3n Nauge es una edici\u00f3n especial, creada para aquellas personas que m\u00e1s; que una necesidad toman el descanso como un placer exclusivo al cual usted tiene acceso. Cuenta con una estructura resortada de movimiento individual minimizando el efecto reflejo del movimiento sin incomodar a su pareja, viene cubierta con una espuma de alta densidad y un acolchado en memory foam que tiene la capacidad de tomar la forma del cuerpo, reduciendo la presi\u00f3n en los puntos de apoyo generando una sensaci\u00f3n de ingravidez. Producto Stella.<\/div>\n<div class=\"row\"><img loading=\"lazy\" decoding=\"async\" class=\"alignnone size-medium wp-image-2086\" src=\"http:\/\/hogardecoracion.co\/inicio\/wp-content\/uploads\/2016\/12\/escala-6-300x96.png\" alt=\"\" width=\"300\" height=\"96\" srcset=\"https:\/\/hogardecoracion.co\/inicio\/wp-content\/uploads\/2016\/12\/escala-6-300x96.png 300w, https:\/\/hogardecoracion.co\/inicio\/wp-content\/uploads\/2016\/12\/escala-6.png 313w\" sizes=\"auto, (max-width: 300px) 100vw, 300px\" \/><\/div>\n","protected":false},"featured_media":1964,"comment_status":"open","ping_status":"closed","template":"","meta":[],"product_brand":[],"product_cat":[125],"product_tag":[],"class_list":{"0":"post-1963","1":"product","2":"type-product","3":"status-publish","4":"has-post-thumbnail","6":"product_cat-eurotop","8":"first","9":"instock","10":"shipping-taxable","11":"product-type-simple"},"yoast_head":"<!-- This site is optimized with the Yoast SEO plugin v26.3 - https:\/\/yoast.com\/wordpress\/plugins\/seo\/ -->\n<title>Nauge - hogar y decoraci\u00f3n<\/title>\n<meta name=\"robots\" content=\"index, follow, max-snippet:-1, max-image-preview:large, max-video-preview:-1\" \/>\n<link rel=\"canonical\" href=\"https:\/\/hogardecoracion.co\/inicio\/producto\/nauge\/\" \/>\n<meta property=\"og:locale\" content=\"es_ES\" \/>\n<meta property=\"og:type\" content=\"article\" \/>\n<meta property=\"og:title\" content=\"Nauge - hogar y decoraci\u00f3n\" \/>\n<meta property=\"og:description\" content=\"\u00a1La mejor calidad y tecnolog\u00eda en una sola pieza! El colch\u00f3n Nauge es una edici\u00f3n especial, creada para aquellas personas que m\u00e1s; que una necesidad toman el descanso como un placer exclusivo al cual usted tiene acceso. Cuenta con una estructura resortada de movimiento individual minimizando el efecto reflejo del movimiento sin incomodar a su pareja, viene cubierta con una espuma de alta densidad y un acolchado en memory foam que tiene la capacidad de tomar la forma del cuerpo, reduciendo la presi\u00f3n en los puntos de apoyo generando una sensaci\u00f3n de ingravidez. Producto Stella.\" \/>\n<meta property=\"og:url\" content=\"https:\/\/hogardecoracion.co\/inicio\/producto\/nauge\/\" \/>\n<meta property=\"og:site_name\" content=\"hogar y decoraci\u00f3n\" \/>\n<meta property=\"article:modified_time\" content=\"2024-12-07T16:55:24+00:00\" \/>\n<meta property=\"og:image\" content=\"https:\/\/hogardecoracion.co\/inicio\/wp-content\/uploads\/2016\/12\/NAUGE.jpg\" \/>\n\t<meta property=\"og:image:width\" content=\"600\" \/>\n\t<meta property=\"og:image:height\" content=\"400\" \/>\n\t<meta property=\"og:image:type\" content=\"image\/jpeg\" \/>\n<meta name=\"twitter:card\" content=\"summary_large_image\" \/>\n<script type=\"application\/ld+json\" class=\"yoast-schema-graph\">{\"@context\":\"https:\/\/schema.org\",\"@graph\":[{\"@type\":\"WebPage\",\"@id\":\"https:\/\/hogardecoracion.co\/inicio\/producto\/nauge\/\",\"url\":\"https:\/\/hogardecoracion.co\/inicio\/producto\/nauge\/\",\"name\":\"Nauge - hogar y decoraci\u00f3n\",\"isPartOf\":{\"@id\":\"https:\/\/hogardecoracion.co\/inicio\/#website\"},\"primaryImageOfPage\":{\"@id\":\"https:\/\/hogardecoracion.co\/inicio\/producto\/nauge\/#primaryimage\"},\"image\":{\"@id\":\"https:\/\/hogardecoracion.co\/inicio\/producto\/nauge\/#primaryimage\"},\"thumbnailUrl\":\"https:\/\/hogardecoracion.co\/inicio\/wp-content\/uploads\/2016\/12\/NAUGE.jpg\",\"datePublished\":\"2016-12-27T20:26:30+00:00\",\"dateModified\":\"2024-12-07T16:55:24+00:00\",\"breadcrumb\":{\"@id\":\"https:\/\/hogardecoracion.co\/inicio\/producto\/nauge\/#breadcrumb\"},\"inLanguage\":\"es\",\"potentialAction\":[{\"@type\":\"ReadAction\",\"target\":[\"https:\/\/hogardecoracion.co\/inicio\/producto\/nauge\/\"]}]},{\"@type\":\"ImageObject\",\"inLanguage\":\"es\",\"@id\":\"https:\/\/hogardecoracion.co\/inicio\/producto\/nauge\/#primaryimage\",\"url\":\"https:\/\/hogardecoracion.co\/inicio\/wp-content\/uploads\/2016\/12\/NAUGE.jpg\",\"contentUrl\":\"https:\/\/hogardecoracion.co\/inicio\/wp-content\/uploads\/2016\/12\/NAUGE.jpg\",\"width\":600,\"height\":400},{\"@type\":\"BreadcrumbList\",\"@id\":\"https:\/\/hogardecoracion.co\/inicio\/producto\/nauge\/#breadcrumb\",\"itemListElement\":[{\"@type\":\"ListItem\",\"position\":1,\"name\":\"Portada\",\"item\":\"https:\/\/hogardecoracion.co\/inicio\/\"},{\"@type\":\"ListItem\",\"position\":2,\"name\":\"Cat\u00e1logo\",\"item\":\"https:\/\/hogardecoracion.co\/inicio\/catalogo\/\"},{\"@type\":\"ListItem\",\"position\":3,\"name\":\"Nauge\"}]},{\"@type\":\"WebSite\",\"@id\":\"https:\/\/hogardecoracion.co\/inicio\/#website\",\"url\":\"https:\/\/hogardecoracion.co\/inicio\/\",\"name\":\"hogar y decoraci\u00f3n\",\"description\":\"Hogar y decoraci\u00f3n una empresa con total voluntad de satisfacer las necesidades de las personas o instituciones interesadas en la compra de productos relacionados con est\u00e9tica e innovaci\u00f3n mobiliaria.\",\"potentialAction\":[{\"@type\":\"SearchAction\",\"target\":{\"@type\":\"EntryPoint\",\"urlTemplate\":\"https:\/\/hogardecoracion.co\/inicio\/?s={search_term_string}\"},\"query-input\":{\"@type\":\"PropertyValueSpecification\",\"valueRequired\":true,\"valueName\":\"search_term_string\"}}],\"inLanguage\":\"es\"}]}<\/script>\n<!-- \/ Yoast SEO plugin. -->","yoast_head_json":{"title":"Nauge - hogar y decoraci\u00f3n","robots":{"index":"index","follow":"follow","max-snippet":"max-snippet:-1","max-image-preview":"max-image-preview:large","max-video-preview":"max-video-preview:-1"},"canonical":"https:\/\/hogardecoracion.co\/inicio\/producto\/nauge\/","og_locale":"es_ES","og_type":"article","og_title":"Nauge - hogar y decoraci\u00f3n","og_description":"\u00a1La mejor calidad y tecnolog\u00eda en una sola pieza! El colch\u00f3n Nauge es una edici\u00f3n especial, creada para aquellas personas que m\u00e1s; que una necesidad toman el descanso como un placer exclusivo al cual usted tiene acceso. Cuenta con una estructura resortada de movimiento individual minimizando el efecto reflejo del movimiento sin incomodar a su pareja, viene cubierta con una espuma de alta densidad y un acolchado en memory foam que tiene la capacidad de tomar la forma del cuerpo, reduciendo la presi\u00f3n en los puntos de apoyo generando una sensaci\u00f3n de ingravidez. Producto Stella.","og_url":"https:\/\/hogardecoracion.co\/inicio\/producto\/nauge\/","og_site_name":"hogar y decoraci\u00f3n","article_modified_time":"2024-12-07T16:55:24+00:00","og_image":[{"width":600,"height":400,"url":"https:\/\/hogardecoracion.co\/inicio\/wp-content\/uploads\/2016\/12\/NAUGE.jpg","type":"image\/jpeg"}],"twitter_card":"summary_large_image","schema":{"@context":"https:\/\/schema.org","@graph":[{"@type":"WebPage","@id":"https:\/\/hogardecoracion.co\/inicio\/producto\/nauge\/","url":"https:\/\/hogardecoracion.co\/inicio\/producto\/nauge\/","name":"Nauge - hogar y decoraci\u00f3n","isPartOf":{"@id":"https:\/\/hogardecoracion.co\/inicio\/#website"},"primaryImageOfPage":{"@id":"https:\/\/hogardecoracion.co\/inicio\/producto\/nauge\/#primaryimage"},"image":{"@id":"https:\/\/hogardecoracion.co\/inicio\/producto\/nauge\/#primaryimage"},"thumbnailUrl":"https:\/\/hogardecoracion.co\/inicio\/wp-content\/uploads\/2016\/12\/NAUGE.jpg","datePublished":"2016-12-27T20:26:30+00:00","dateModified":"2024-12-07T16:55:24+00:00","breadcrumb":{"@id":"https:\/\/hogardecoracion.co\/inicio\/producto\/nauge\/#breadcrumb"},"inLanguage":"es","potentialAction":[{"@type":"ReadAction","target":["https:\/\/hogardecoracion.co\/inicio\/producto\/nauge\/"]}]},{"@type":"ImageObject","inLanguage":"es","@id":"https:\/\/hogardecoracion.co\/inicio\/producto\/nauge\/#primaryimage","url":"https:\/\/hogardecoracion.co\/inicio\/wp-content\/uploads\/2016\/12\/NAUGE.jpg","contentUrl":"https:\/\/hogardecoracion.co\/inicio\/wp-content\/uploads\/2016\/12\/NAUGE.jpg","width":600,"height":400},{"@type":"BreadcrumbList","@id":"https:\/\/hogardecoracion.co\/inicio\/producto\/nauge\/#breadcrumb","itemListElement":[{"@type":"ListItem","position":1,"name":"Portada","item":"https:\/\/hogardecoracion.co\/inicio\/"},{"@type":"ListItem","position":2,"name":"Cat\u00e1logo","item":"https:\/\/hogardecoracion.co\/inicio\/catalogo\/"},{"@type":"ListItem","position":3,"name":"Nauge"}]},{"@type":"WebSite","@id":"https:\/\/hogardecoracion.co\/inicio\/#website","url":"https:\/\/hogardecoracion.co\/inicio\/","name":"hogar y decoraci\u00f3n","description":"Hogar y decoraci\u00f3n una empresa con total voluntad de satisfacer las necesidades de las personas o instituciones interesadas en la compra de productos relacionados con est\u00e9tica e innovaci\u00f3n mobiliaria.","potentialAction":[{"@type":"SearchAction","target":{"@type":"EntryPoint","urlTemplate":"https:\/\/hogardecoracion.co\/inicio\/?s={search_term_string}"},"query-input":{"@type":"PropertyValueSpecification","valueRequired":true,"valueName":"search_term_string"}}],"inLanguage":"es"}]}},"_links":{"self":[{"href":"https:\/\/hogardecoracion.co\/inicio\/wp-json\/wp\/v2\/product\/1963","targetHints":{"allow":["GET"]}}],"collection":[{"href":"https:\/\/hogardecoracion.co\/inicio\/wp-json\/wp\/v2\/product"}],"about":[{"href":"https:\/\/hogardecoracion.co\/inicio\/wp-json\/wp\/v2\/types\/product"}],"replies":[{"embeddable":true,"href":"https:\/\/hogardecoracion.co\/inicio\/wp-json\/wp\/v2\/comments?post=1963"}],"wp:featuredmedia":[{"embeddable":true,"href":"https:\/\/hogardecoracion.co\/inicio\/wp-json\/wp\/v2\/media\/1964"}],"wp:attachment":[{"href":"https:\/\/hogardecoracion.co\/inicio\/wp-json\/wp\/v2\/media?parent=1963"}],"wp:term":[{"taxonomy":"product_brand","embeddable":true,"href":"https:\/\/hogardecoracion.co\/inicio\/wp-json\/wp\/v2\/product_brand?post=1963"},{"taxonomy":"product_cat","embeddable":true,"href":"https:\/\/hogardecoracion.co\/inicio\/wp-json\/wp\/v2\/product_cat?post=1963"},{"taxonomy":"product_tag","embeddable":true,"href":"https:\/\/hogardecoracion.co\/inicio\/wp-json\/wp\/v2\/product_tag?post=1963"}],"curies":[{"name":"wp","href":"https:\/\/api.w.org\/{rel}","templated":true}]}}