{"id":1958,"date":"2016-12-27T20:11:28","date_gmt":"2016-12-27T20:11:28","guid":{"rendered":"http:\/\/hogardecoracion.co\/inicio\/producto\/olympo\/"},"modified":"2024-12-07T16:55:24","modified_gmt":"2024-12-07T16:55:24","slug":"olympo","status":"publish","type":"product","link":"https:\/\/hogardecoracion.co\/inicio\/producto\/olympo\/","title":{"rendered":"Olympo"},"content":{"rendered":"","protected":false},"excerpt":{"rendered":"<div class=\"row\">Colch\u00f3n confortable elaborado con espumas de alta densidad, acolchado en tela Jacquard con tratamiento ADAPTIVE. En esta edici\u00f3n especial queremos innovar con un colch\u00f3n que cuenta con una cara ortop\u00e9dica (r\u00edgida) y una cara semi ortopedica pillow d\u00e1ndole una doble funci\u00f3n para adaptarnos a su gusto y necesidad al momento de descansar. Producto Romance Relax.<\/div>\n<p>&nbsp;<\/p>\n<div class=\"row\"><img loading=\"lazy\" decoding=\"async\" class=\"alignnone size-medium wp-image-2086\" src=\"http:\/\/hogardecoracion.co\/inicio\/wp-content\/uploads\/2016\/12\/escala-6-300x96.png\" alt=\"\" width=\"300\" height=\"96\" srcset=\"https:\/\/hogardecoracion.co\/inicio\/wp-content\/uploads\/2016\/12\/escala-6-300x96.png 300w, https:\/\/hogardecoracion.co\/inicio\/wp-content\/uploads\/2016\/12\/escala-6.png 313w\" sizes=\"auto, (max-width: 300px) 100vw, 300px\" \/><\/div>\n","protected":false},"featured_media":1955,"comment_status":"open","ping_status":"closed","template":"","meta":[],"product_brand":[],"product_cat":[124],"product_tag":[],"class_list":{"0":"post-1958","1":"product","2":"type-product","3":"status-publish","4":"has-post-thumbnail","6":"product_cat-pillow","8":"first","9":"instock","10":"shipping-taxable","11":"product-type-simple"},"yoast_head":"<!-- This site is optimized with the Yoast SEO plugin v26.3 - https:\/\/yoast.com\/wordpress\/plugins\/seo\/ -->\n<title>Olympo - hogar y decoraci\u00f3n<\/title>\n<meta name=\"robots\" content=\"index, follow, max-snippet:-1, max-image-preview:large, max-video-preview:-1\" \/>\n<link rel=\"canonical\" href=\"https:\/\/hogardecoracion.co\/inicio\/producto\/olympo\/\" \/>\n<meta property=\"og:locale\" content=\"es_ES\" \/>\n<meta property=\"og:type\" content=\"article\" \/>\n<meta property=\"og:title\" content=\"Olympo - hogar y decoraci\u00f3n\" \/>\n<meta property=\"og:description\" content=\"Colch\u00f3n confortable elaborado con espumas de alta densidad, acolchado en tela Jacquard con tratamiento ADAPTIVE. En esta edici\u00f3n especial queremos innovar con un colch\u00f3n que cuenta con una cara ortop\u00e9dica (r\u00edgida) y una cara semi ortopedica pillow d\u00e1ndole una doble funci\u00f3n para adaptarnos a su gusto y necesidad al momento de descansar. Producto Romance Relax. &nbsp;\" \/>\n<meta property=\"og:url\" content=\"https:\/\/hogardecoracion.co\/inicio\/producto\/olympo\/\" \/>\n<meta property=\"og:site_name\" content=\"hogar y decoraci\u00f3n\" \/>\n<meta property=\"article:modified_time\" content=\"2024-12-07T16:55:24+00:00\" \/>\n<meta property=\"og:image\" content=\"https:\/\/hogardecoracion.co\/inicio\/wp-content\/uploads\/2016\/12\/OLYMPO.jpg\" \/>\n\t<meta property=\"og:image:width\" content=\"600\" \/>\n\t<meta property=\"og:image:height\" content=\"400\" \/>\n\t<meta property=\"og:image:type\" content=\"image\/jpeg\" \/>\n<meta name=\"twitter:card\" content=\"summary_large_image\" \/>\n<script type=\"application\/ld+json\" class=\"yoast-schema-graph\">{\"@context\":\"https:\/\/schema.org\",\"@graph\":[{\"@type\":\"WebPage\",\"@id\":\"https:\/\/hogardecoracion.co\/inicio\/producto\/olympo\/\",\"url\":\"https:\/\/hogardecoracion.co\/inicio\/producto\/olympo\/\",\"name\":\"Olympo - hogar y decoraci\u00f3n\",\"isPartOf\":{\"@id\":\"https:\/\/hogardecoracion.co\/inicio\/#website\"},\"primaryImageOfPage\":{\"@id\":\"https:\/\/hogardecoracion.co\/inicio\/producto\/olympo\/#primaryimage\"},\"image\":{\"@id\":\"https:\/\/hogardecoracion.co\/inicio\/producto\/olympo\/#primaryimage\"},\"thumbnailUrl\":\"https:\/\/hogardecoracion.co\/inicio\/wp-content\/uploads\/2016\/12\/OLYMPO.jpg\",\"datePublished\":\"2016-12-27T20:11:28+00:00\",\"dateModified\":\"2024-12-07T16:55:24+00:00\",\"breadcrumb\":{\"@id\":\"https:\/\/hogardecoracion.co\/inicio\/producto\/olympo\/#breadcrumb\"},\"inLanguage\":\"es\",\"potentialAction\":[{\"@type\":\"ReadAction\",\"target\":[\"https:\/\/hogardecoracion.co\/inicio\/producto\/olympo\/\"]}]},{\"@type\":\"ImageObject\",\"inLanguage\":\"es\",\"@id\":\"https:\/\/hogardecoracion.co\/inicio\/producto\/olympo\/#primaryimage\",\"url\":\"https:\/\/hogardecoracion.co\/inicio\/wp-content\/uploads\/2016\/12\/OLYMPO.jpg\",\"contentUrl\":\"https:\/\/hogardecoracion.co\/inicio\/wp-content\/uploads\/2016\/12\/OLYMPO.jpg\",\"width\":600,\"height\":400},{\"@type\":\"BreadcrumbList\",\"@id\":\"https:\/\/hogardecoracion.co\/inicio\/producto\/olympo\/#breadcrumb\",\"itemListElement\":[{\"@type\":\"ListItem\",\"position\":1,\"name\":\"Portada\",\"item\":\"https:\/\/hogardecoracion.co\/inicio\/\"},{\"@type\":\"ListItem\",\"position\":2,\"name\":\"Cat\u00e1logo\",\"item\":\"https:\/\/hogardecoracion.co\/inicio\/catalogo\/\"},{\"@type\":\"ListItem\",\"position\":3,\"name\":\"Olympo\"}]},{\"@type\":\"WebSite\",\"@id\":\"https:\/\/hogardecoracion.co\/inicio\/#website\",\"url\":\"https:\/\/hogardecoracion.co\/inicio\/\",\"name\":\"hogar y decoraci\u00f3n\",\"description\":\"Hogar y decoraci\u00f3n una empresa con total voluntad de satisfacer las necesidades de las personas o instituciones interesadas en la compra de productos relacionados con est\u00e9tica e innovaci\u00f3n mobiliaria.\",\"potentialAction\":[{\"@type\":\"SearchAction\",\"target\":{\"@type\":\"EntryPoint\",\"urlTemplate\":\"https:\/\/hogardecoracion.co\/inicio\/?s={search_term_string}\"},\"query-input\":{\"@type\":\"PropertyValueSpecification\",\"valueRequired\":true,\"valueName\":\"search_term_string\"}}],\"inLanguage\":\"es\"}]}<\/script>\n<!-- \/ Yoast SEO plugin. -->","yoast_head_json":{"title":"Olympo - hogar y decoraci\u00f3n","robots":{"index":"index","follow":"follow","max-snippet":"max-snippet:-1","max-image-preview":"max-image-preview:large","max-video-preview":"max-video-preview:-1"},"canonical":"https:\/\/hogardecoracion.co\/inicio\/producto\/olympo\/","og_locale":"es_ES","og_type":"article","og_title":"Olympo - hogar y decoraci\u00f3n","og_description":"Colch\u00f3n confortable elaborado con espumas de alta densidad, acolchado en tela Jacquard con tratamiento ADAPTIVE. En esta edici\u00f3n especial queremos innovar con un colch\u00f3n que cuenta con una cara ortop\u00e9dica (r\u00edgida) y una cara semi ortopedica pillow d\u00e1ndole una doble funci\u00f3n para adaptarnos a su gusto y necesidad al momento de descansar. Producto Romance Relax. &nbsp;","og_url":"https:\/\/hogardecoracion.co\/inicio\/producto\/olympo\/","og_site_name":"hogar y decoraci\u00f3n","article_modified_time":"2024-12-07T16:55:24+00:00","og_image":[{"width":600,"height":400,"url":"https:\/\/hogardecoracion.co\/inicio\/wp-content\/uploads\/2016\/12\/OLYMPO.jpg","type":"image\/jpeg"}],"twitter_card":"summary_large_image","schema":{"@context":"https:\/\/schema.org","@graph":[{"@type":"WebPage","@id":"https:\/\/hogardecoracion.co\/inicio\/producto\/olympo\/","url":"https:\/\/hogardecoracion.co\/inicio\/producto\/olympo\/","name":"Olympo - hogar y decoraci\u00f3n","isPartOf":{"@id":"https:\/\/hogardecoracion.co\/inicio\/#website"},"primaryImageOfPage":{"@id":"https:\/\/hogardecoracion.co\/inicio\/producto\/olympo\/#primaryimage"},"image":{"@id":"https:\/\/hogardecoracion.co\/inicio\/producto\/olympo\/#primaryimage"},"thumbnailUrl":"https:\/\/hogardecoracion.co\/inicio\/wp-content\/uploads\/2016\/12\/OLYMPO.jpg","datePublished":"2016-12-27T20:11:28+00:00","dateModified":"2024-12-07T16:55:24+00:00","breadcrumb":{"@id":"https:\/\/hogardecoracion.co\/inicio\/producto\/olympo\/#breadcrumb"},"inLanguage":"es","potentialAction":[{"@type":"ReadAction","target":["https:\/\/hogardecoracion.co\/inicio\/producto\/olympo\/"]}]},{"@type":"ImageObject","inLanguage":"es","@id":"https:\/\/hogardecoracion.co\/inicio\/producto\/olympo\/#primaryimage","url":"https:\/\/hogardecoracion.co\/inicio\/wp-content\/uploads\/2016\/12\/OLYMPO.jpg","contentUrl":"https:\/\/hogardecoracion.co\/inicio\/wp-content\/uploads\/2016\/12\/OLYMPO.jpg","width":600,"height":400},{"@type":"BreadcrumbList","@id":"https:\/\/hogardecoracion.co\/inicio\/producto\/olympo\/#breadcrumb","itemListElement":[{"@type":"ListItem","position":1,"name":"Portada","item":"https:\/\/hogardecoracion.co\/inicio\/"},{"@type":"ListItem","position":2,"name":"Cat\u00e1logo","item":"https:\/\/hogardecoracion.co\/inicio\/catalogo\/"},{"@type":"ListItem","position":3,"name":"Olympo"}]},{"@type":"WebSite","@id":"https:\/\/hogardecoracion.co\/inicio\/#website","url":"https:\/\/hogardecoracion.co\/inicio\/","name":"hogar y decoraci\u00f3n","description":"Hogar y decoraci\u00f3n una empresa con total voluntad de satisfacer las necesidades de las personas o instituciones interesadas en la compra de productos relacionados con est\u00e9tica e innovaci\u00f3n mobiliaria.","potentialAction":[{"@type":"SearchAction","target":{"@type":"EntryPoint","urlTemplate":"https:\/\/hogardecoracion.co\/inicio\/?s={search_term_string}"},"query-input":{"@type":"PropertyValueSpecification","valueRequired":true,"valueName":"search_term_string"}}],"inLanguage":"es"}]}},"_links":{"self":[{"href":"https:\/\/hogardecoracion.co\/inicio\/wp-json\/wp\/v2\/product\/1958","targetHints":{"allow":["GET"]}}],"collection":[{"href":"https:\/\/hogardecoracion.co\/inicio\/wp-json\/wp\/v2\/product"}],"about":[{"href":"https:\/\/hogardecoracion.co\/inicio\/wp-json\/wp\/v2\/types\/product"}],"replies":[{"embeddable":true,"href":"https:\/\/hogardecoracion.co\/inicio\/wp-json\/wp\/v2\/comments?post=1958"}],"wp:featuredmedia":[{"embeddable":true,"href":"https:\/\/hogardecoracion.co\/inicio\/wp-json\/wp\/v2\/media\/1955"}],"wp:attachment":[{"href":"https:\/\/hogardecoracion.co\/inicio\/wp-json\/wp\/v2\/media?parent=1958"}],"wp:term":[{"taxonomy":"product_brand","embeddable":true,"href":"https:\/\/hogardecoracion.co\/inicio\/wp-json\/wp\/v2\/product_brand?post=1958"},{"taxonomy":"product_cat","embeddable":true,"href":"https:\/\/hogardecoracion.co\/inicio\/wp-json\/wp\/v2\/product_cat?post=1958"},{"taxonomy":"product_tag","embeddable":true,"href":"https:\/\/hogardecoracion.co\/inicio\/wp-json\/wp\/v2\/product_tag?post=1958"}],"curies":[{"name":"wp","href":"https:\/\/api.w.org\/{rel}","templated":true}]}}