{"id":1937,"date":"2016-12-27T19:43:50","date_gmt":"2016-12-27T19:43:50","guid":{"rendered":"http:\/\/hogardecoracion.co\/inicio\/producto\/resorte\/"},"modified":"2024-12-07T16:53:37","modified_gmt":"2024-12-07T16:53:37","slug":"resorte","status":"publish","type":"product","link":"https:\/\/hogardecoracion.co\/inicio\/producto\/resorte\/","title":{"rendered":"Resorte"},"content":{"rendered":"","protected":false},"excerpt":{"rendered":"<div class=\"row\">El Pillow Top resortado es un colch\u00f3n confortable, que  tiene por base una parrilla resortada dando la sensaci\u00f3n de suavidad que lo caracteriza, tambi\u00e9n consta de dos colchonetas Pillow Top que complementan la suavidad del colch\u00f3n brindando as\u00ed el confort necesario para tener una excelente noche de descanso. Viene forrado en una tela respirable Jacquard acolchada anti \u00e1caros. Producto Stella.<\/div>\n<div class=\"row\"><img loading=\"lazy\" decoding=\"async\" src=\"http:\/\/hogardecoracion.co\/inicio\/wp-content\/uploads\/2016\/12\/escala-5-300x96.png\" alt=\"\" width=\"300\" height=\"96\" class=\"alignnone size-medium wp-image-2085\" srcset=\"https:\/\/hogardecoracion.co\/inicio\/wp-content\/uploads\/2016\/12\/escala-5-300x96.png 300w, https:\/\/hogardecoracion.co\/inicio\/wp-content\/uploads\/2016\/12\/escala-5.png 313w\" sizes=\"auto, (max-width: 300px) 100vw, 300px\" \/><\/div>\n","protected":false},"featured_media":1949,"comment_status":"open","ping_status":"closed","template":"","meta":[],"product_brand":[],"product_cat":[124],"product_tag":[],"class_list":{"0":"post-1937","1":"product","2":"type-product","3":"status-publish","4":"has-post-thumbnail","6":"product_cat-pillow","8":"first","9":"instock","10":"shipping-taxable","11":"product-type-simple"},"yoast_head":"<!-- This site is optimized with the Yoast SEO plugin v26.3 - https:\/\/yoast.com\/wordpress\/plugins\/seo\/ -->\n<title>Resorte - hogar y decoraci\u00f3n<\/title>\n<meta name=\"robots\" content=\"index, follow, max-snippet:-1, max-image-preview:large, max-video-preview:-1\" \/>\n<link rel=\"canonical\" href=\"https:\/\/hogardecoracion.co\/inicio\/producto\/resorte\/\" \/>\n<meta property=\"og:locale\" content=\"es_ES\" \/>\n<meta property=\"og:type\" content=\"article\" \/>\n<meta property=\"og:title\" content=\"Resorte - hogar y decoraci\u00f3n\" \/>\n<meta property=\"og:description\" content=\"El Pillow Top resortado es un colch\u00f3n confortable, que tiene por base una parrilla resortada dando la sensaci\u00f3n de suavidad que lo caracteriza, tambi\u00e9n consta de dos colchonetas Pillow Top que complementan la suavidad del colch\u00f3n brindando as\u00ed el confort necesario para tener una excelente noche de descanso. Viene forrado en una tela respirable Jacquard acolchada anti \u00e1caros. Producto Stella.\" \/>\n<meta property=\"og:url\" content=\"https:\/\/hogardecoracion.co\/inicio\/producto\/resorte\/\" \/>\n<meta property=\"og:site_name\" content=\"hogar y decoraci\u00f3n\" \/>\n<meta property=\"article:modified_time\" content=\"2024-12-07T16:53:37+00:00\" \/>\n<meta property=\"og:image\" content=\"https:\/\/hogardecoracion.co\/inicio\/wp-content\/uploads\/2016\/12\/Resorte.jpg\" \/>\n\t<meta property=\"og:image:width\" content=\"600\" \/>\n\t<meta property=\"og:image:height\" content=\"400\" \/>\n\t<meta property=\"og:image:type\" content=\"image\/jpeg\" \/>\n<meta name=\"twitter:card\" content=\"summary_large_image\" \/>\n<script type=\"application\/ld+json\" class=\"yoast-schema-graph\">{\"@context\":\"https:\/\/schema.org\",\"@graph\":[{\"@type\":\"WebPage\",\"@id\":\"https:\/\/hogardecoracion.co\/inicio\/producto\/resorte\/\",\"url\":\"https:\/\/hogardecoracion.co\/inicio\/producto\/resorte\/\",\"name\":\"Resorte - hogar y decoraci\u00f3n\",\"isPartOf\":{\"@id\":\"https:\/\/hogardecoracion.co\/inicio\/#website\"},\"primaryImageOfPage\":{\"@id\":\"https:\/\/hogardecoracion.co\/inicio\/producto\/resorte\/#primaryimage\"},\"image\":{\"@id\":\"https:\/\/hogardecoracion.co\/inicio\/producto\/resorte\/#primaryimage\"},\"thumbnailUrl\":\"https:\/\/hogardecoracion.co\/inicio\/wp-content\/uploads\/2016\/12\/Resorte.jpg\",\"datePublished\":\"2016-12-27T19:43:50+00:00\",\"dateModified\":\"2024-12-07T16:53:37+00:00\",\"breadcrumb\":{\"@id\":\"https:\/\/hogardecoracion.co\/inicio\/producto\/resorte\/#breadcrumb\"},\"inLanguage\":\"es\",\"potentialAction\":[{\"@type\":\"ReadAction\",\"target\":[\"https:\/\/hogardecoracion.co\/inicio\/producto\/resorte\/\"]}]},{\"@type\":\"ImageObject\",\"inLanguage\":\"es\",\"@id\":\"https:\/\/hogardecoracion.co\/inicio\/producto\/resorte\/#primaryimage\",\"url\":\"https:\/\/hogardecoracion.co\/inicio\/wp-content\/uploads\/2016\/12\/Resorte.jpg\",\"contentUrl\":\"https:\/\/hogardecoracion.co\/inicio\/wp-content\/uploads\/2016\/12\/Resorte.jpg\",\"width\":600,\"height\":400},{\"@type\":\"BreadcrumbList\",\"@id\":\"https:\/\/hogardecoracion.co\/inicio\/producto\/resorte\/#breadcrumb\",\"itemListElement\":[{\"@type\":\"ListItem\",\"position\":1,\"name\":\"Portada\",\"item\":\"https:\/\/hogardecoracion.co\/inicio\/\"},{\"@type\":\"ListItem\",\"position\":2,\"name\":\"Cat\u00e1logo\",\"item\":\"https:\/\/hogardecoracion.co\/inicio\/catalogo\/\"},{\"@type\":\"ListItem\",\"position\":3,\"name\":\"Resorte\"}]},{\"@type\":\"WebSite\",\"@id\":\"https:\/\/hogardecoracion.co\/inicio\/#website\",\"url\":\"https:\/\/hogardecoracion.co\/inicio\/\",\"name\":\"hogar y decoraci\u00f3n\",\"description\":\"Hogar y decoraci\u00f3n una empresa con total voluntad de satisfacer las necesidades de las personas o instituciones interesadas en la compra de productos relacionados con est\u00e9tica e innovaci\u00f3n mobiliaria.\",\"potentialAction\":[{\"@type\":\"SearchAction\",\"target\":{\"@type\":\"EntryPoint\",\"urlTemplate\":\"https:\/\/hogardecoracion.co\/inicio\/?s={search_term_string}\"},\"query-input\":{\"@type\":\"PropertyValueSpecification\",\"valueRequired\":true,\"valueName\":\"search_term_string\"}}],\"inLanguage\":\"es\"}]}<\/script>\n<!-- \/ Yoast SEO plugin. -->","yoast_head_json":{"title":"Resorte - hogar y decoraci\u00f3n","robots":{"index":"index","follow":"follow","max-snippet":"max-snippet:-1","max-image-preview":"max-image-preview:large","max-video-preview":"max-video-preview:-1"},"canonical":"https:\/\/hogardecoracion.co\/inicio\/producto\/resorte\/","og_locale":"es_ES","og_type":"article","og_title":"Resorte - hogar y decoraci\u00f3n","og_description":"El Pillow Top resortado es un colch\u00f3n confortable, que tiene por base una parrilla resortada dando la sensaci\u00f3n de suavidad que lo caracteriza, tambi\u00e9n consta de dos colchonetas Pillow Top que complementan la suavidad del colch\u00f3n brindando as\u00ed el confort necesario para tener una excelente noche de descanso. Viene forrado en una tela respirable Jacquard acolchada anti \u00e1caros. Producto Stella.","og_url":"https:\/\/hogardecoracion.co\/inicio\/producto\/resorte\/","og_site_name":"hogar y decoraci\u00f3n","article_modified_time":"2024-12-07T16:53:37+00:00","og_image":[{"width":600,"height":400,"url":"https:\/\/hogardecoracion.co\/inicio\/wp-content\/uploads\/2016\/12\/Resorte.jpg","type":"image\/jpeg"}],"twitter_card":"summary_large_image","schema":{"@context":"https:\/\/schema.org","@graph":[{"@type":"WebPage","@id":"https:\/\/hogardecoracion.co\/inicio\/producto\/resorte\/","url":"https:\/\/hogardecoracion.co\/inicio\/producto\/resorte\/","name":"Resorte - hogar y decoraci\u00f3n","isPartOf":{"@id":"https:\/\/hogardecoracion.co\/inicio\/#website"},"primaryImageOfPage":{"@id":"https:\/\/hogardecoracion.co\/inicio\/producto\/resorte\/#primaryimage"},"image":{"@id":"https:\/\/hogardecoracion.co\/inicio\/producto\/resorte\/#primaryimage"},"thumbnailUrl":"https:\/\/hogardecoracion.co\/inicio\/wp-content\/uploads\/2016\/12\/Resorte.jpg","datePublished":"2016-12-27T19:43:50+00:00","dateModified":"2024-12-07T16:53:37+00:00","breadcrumb":{"@id":"https:\/\/hogardecoracion.co\/inicio\/producto\/resorte\/#breadcrumb"},"inLanguage":"es","potentialAction":[{"@type":"ReadAction","target":["https:\/\/hogardecoracion.co\/inicio\/producto\/resorte\/"]}]},{"@type":"ImageObject","inLanguage":"es","@id":"https:\/\/hogardecoracion.co\/inicio\/producto\/resorte\/#primaryimage","url":"https:\/\/hogardecoracion.co\/inicio\/wp-content\/uploads\/2016\/12\/Resorte.jpg","contentUrl":"https:\/\/hogardecoracion.co\/inicio\/wp-content\/uploads\/2016\/12\/Resorte.jpg","width":600,"height":400},{"@type":"BreadcrumbList","@id":"https:\/\/hogardecoracion.co\/inicio\/producto\/resorte\/#breadcrumb","itemListElement":[{"@type":"ListItem","position":1,"name":"Portada","item":"https:\/\/hogardecoracion.co\/inicio\/"},{"@type":"ListItem","position":2,"name":"Cat\u00e1logo","item":"https:\/\/hogardecoracion.co\/inicio\/catalogo\/"},{"@type":"ListItem","position":3,"name":"Resorte"}]},{"@type":"WebSite","@id":"https:\/\/hogardecoracion.co\/inicio\/#website","url":"https:\/\/hogardecoracion.co\/inicio\/","name":"hogar y decoraci\u00f3n","description":"Hogar y decoraci\u00f3n una empresa con total voluntad de satisfacer las necesidades de las personas o instituciones interesadas en la compra de productos relacionados con est\u00e9tica e innovaci\u00f3n mobiliaria.","potentialAction":[{"@type":"SearchAction","target":{"@type":"EntryPoint","urlTemplate":"https:\/\/hogardecoracion.co\/inicio\/?s={search_term_string}"},"query-input":{"@type":"PropertyValueSpecification","valueRequired":true,"valueName":"search_term_string"}}],"inLanguage":"es"}]}},"_links":{"self":[{"href":"https:\/\/hogardecoracion.co\/inicio\/wp-json\/wp\/v2\/product\/1937","targetHints":{"allow":["GET"]}}],"collection":[{"href":"https:\/\/hogardecoracion.co\/inicio\/wp-json\/wp\/v2\/product"}],"about":[{"href":"https:\/\/hogardecoracion.co\/inicio\/wp-json\/wp\/v2\/types\/product"}],"replies":[{"embeddable":true,"href":"https:\/\/hogardecoracion.co\/inicio\/wp-json\/wp\/v2\/comments?post=1937"}],"wp:featuredmedia":[{"embeddable":true,"href":"https:\/\/hogardecoracion.co\/inicio\/wp-json\/wp\/v2\/media\/1949"}],"wp:attachment":[{"href":"https:\/\/hogardecoracion.co\/inicio\/wp-json\/wp\/v2\/media?parent=1937"}],"wp:term":[{"taxonomy":"product_brand","embeddable":true,"href":"https:\/\/hogardecoracion.co\/inicio\/wp-json\/wp\/v2\/product_brand?post=1937"},{"taxonomy":"product_cat","embeddable":true,"href":"https:\/\/hogardecoracion.co\/inicio\/wp-json\/wp\/v2\/product_cat?post=1937"},{"taxonomy":"product_tag","embeddable":true,"href":"https:\/\/hogardecoracion.co\/inicio\/wp-json\/wp\/v2\/product_tag?post=1937"}],"curies":[{"name":"wp","href":"https:\/\/api.w.org\/{rel}","templated":true}]}}