{"id":9,"date":"2015-12-15T07:37:33","date_gmt":"2015-12-15T07:37:33","guid":{"rendered":"http:\/\/consulting.stylemixthemes.com\/?page_id=9"},"modified":"2021-02-18T16:50:27","modified_gmt":"2021-02-18T16:50:27","slug":"nosotros","status":"publish","type":"page","link":"https:\/\/hogardecoracion.co\/inicio\/nosotros\/","title":{"rendered":"Nosotros"},"content":{"rendered":"<p>[vc_row css=\u00bb.vc_custom_1451991003825{margin-bottom: 100px !important;}\u00bb][vc_column offset=\u00bbvc_col-lg-9 vc_col-md-9&#8243;][vc_single_image image=\u00bb1846&#8243; img_size=\u00bb1300&#215;410&#8243; alignment=\u00bbcenter\u00bb onclick=\u00bblink_image\u00bb][vc_column_text css=\u00bb.vc_custom_1613667022141{margin-top: 40px !important;}\u00bb]<\/p>\n<h3>Qui\u00e9nes Somos<\/h3>\n<p style=\"text-align: justify; padding-left: 30px;\">Somos un equipo de personas con la total voluntad de satisfacer las necesidades de las personas o instituciones interesadas la compra de productos relacionados con el descanso y la est\u00e9tica e innovaci\u00f3n.<br \/>\nOfrecemos nuestro servicio de asesor\u00eda con excelencia, buscando que nuestro portafolio de productos cumpla con los exigentes requisitos de variedad, calidad, costo- beneficio y servicio post venta de nuestros clientes.<\/p>\n<h3>Valores<\/h3>\n<p>[\/vc_column_text][vc_row_inner][vc_column_inner width=\u00bb1\/6&#8243;][vc_icon icon_fontawesome=\u00bbfa fa-child\u00bb color=\u00bbwhite\u00bb background_style=\u00bbrounded\u00bb background_color=\u00bbpurple\u00bb align=\u00bbcenter\u00bb css_animation=\u00bbappear\u00bb][\/vc_column_inner][vc_column_inner width=\u00bb5\/6&#8243;][vc_column_text]<strong>Disfrutamos trabajando para Dios.<\/strong><br \/>\nColosenses 3: 23-24<br \/>\nHagan lo que hagan, trabajen de buena gana, Como para el Se\u00f1or y no para la gente,\u00a024\u00a0\u00a0conscientes de Que El Se\u00f1or los recompensar\u00e1 con la herencia.\u00a0Ustedes sirven a Cristo EL Se\u00f1or.[\/vc_column_text][\/vc_column_inner][\/vc_row_inner][vc_empty_space height=\u00bb30px\u00bb][vc_row_inner][vc_column_inner width=\u00bb1\/6&#8243;][vc_icon icon_fontawesome=\u00bbstm-nokia\u00bb color=\u00bbwhite\u00bb background_style=\u00bbrounded\u00bb background_color=\u00bbpurple\u00bb align=\u00bbcenter\u00bb css_animation=\u00bbappear\u00bb][\/vc_column_inner][vc_column_inner width=\u00bb5\/6&#8243;][vc_column_text]<strong>Calidad en nuestro trabajo<\/strong><br \/>\nEntregamos productos que se diferencian en el mercado, empleamos insumos que perduran en el tiempo, somos proveedores de f\u00e1bricas reconocidas por su excelencia.[\/vc_column_text][\/vc_column_inner][\/vc_row_inner][vc_empty_space height=\u00bb30px\u00bb][vc_row_inner][vc_column_inner width=\u00bb1\/6&#8243;][vc_icon icon_fontawesome=\u00bbfa fa-graduation-cap\u00bb color=\u00bbwhite\u00bb background_style=\u00bbrounded\u00bb background_color=\u00bbpurple\u00bb align=\u00bbcenter\u00bb css_animation=\u00bbappear\u00bb][\/vc_column_inner][vc_column_inner width=\u00bb5\/6&#8243;][vc_column_text]<strong>\u00cdntegros y \u00e9ticos<\/strong><br \/>\nNuestra oferta de valor garantiza al cliente que lo que ofrecemos es lo que entregamos, ofrecemos un portafolio con una excelente relaci\u00f3n precio-beneficio.[\/vc_column_text][\/vc_column_inner][\/vc_row_inner][vc_empty_space height=\u00bb30px\u00bb][vc_row_inner][vc_column_inner width=\u00bb1\/6&#8243;][vc_icon icon_fontawesome=\u00bbfa fa-thumbs-up\u00bb color=\u00bbwhite\u00bb background_style=\u00bbrounded\u00bb background_color=\u00bbpurple\u00bb align=\u00bbcenter\u00bb css_animation=\u00bbappear\u00bb][\/vc_column_inner][vc_column_inner width=\u00bb5\/6&#8243;][vc_column_text]<strong>Excelencia<\/strong><br \/>\nNos caracterizamos por respetar los acuerdos establecidos y buscamos cumplir de mejor manera las expectativas con nuestros clientes.[\/vc_column_text][\/vc_column_inner][\/vc_row_inner][\/vc_column][vc_column width=\u00bb1\/4&#8243; offset=\u00bbvc_hidden-sm vc_hidden-xs\u00bb][stm_sidebar sidebar=\u00bb1760&#8243;][\/vc_column][\/vc_row]<\/p>\n","protected":false},"excerpt":{"rendered":"<p>[vc_row css=\u00bb.vc_custom_1451991003825{margin-bottom: 100px !important;}\u00bb][vc_column offset=\u00bbvc_col-lg-9 vc_col-md-9&#8243;][vc_single_image image=\u00bb1846&#8243; img_size=\u00bb1300&#215;410&#8243; alignment=\u00bbcenter\u00bb onclick=\u00bblink_image\u00bb][vc_column_text css=\u00bb.vc_custom_1613667022141{margin-top: 40px !important;}\u00bb] Qui\u00e9nes Somos Somos un equipo de personas con la total voluntad de satisfacer las necesidades de las personas o instituciones interesadas la compra de productos relacionados con el descanso y la est\u00e9tica e innovaci\u00f3n. Ofrecemos nuestro servicio de asesor\u00eda con excelencia, buscando<\/p>\n","protected":false},"author":1,"featured_media":0,"parent":0,"menu_order":0,"comment_status":"closed","ping_status":"closed","template":"","meta":{"footnotes":""},"class_list":["post-9","page","type-page","status-publish","hentry"],"yoast_head":"<!-- This site is optimized with the Yoast SEO plugin v26.3 - https:\/\/yoast.com\/wordpress\/plugins\/seo\/ -->\n<title>Nosotros - hogar y decoraci\u00f3n<\/title>\n<meta name=\"robots\" content=\"index, follow, max-snippet:-1, max-image-preview:large, max-video-preview:-1\" \/>\n<link rel=\"canonical\" href=\"https:\/\/hogardecoracion.co\/inicio\/nosotros\/\" \/>\n<meta property=\"og:locale\" content=\"es_ES\" \/>\n<meta property=\"og:type\" content=\"article\" \/>\n<meta property=\"og:title\" content=\"Nosotros - hogar y decoraci\u00f3n\" \/>\n<meta property=\"og:description\" content=\"[vc_row css=\u00bb.vc_custom_1451991003825{margin-bottom: 100px !important;}\u00bb][vc_column offset=\u00bbvc_col-lg-9 vc_col-md-9&#8243;][vc_single_image image=\u00bb1846&#8243; img_size=\u00bb1300&#215;410&#8243; alignment=\u00bbcenter\u00bb onclick=\u00bblink_image\u00bb][vc_column_text css=\u00bb.vc_custom_1613667022141{margin-top: 40px !important;}\u00bb] Qui\u00e9nes Somos Somos un equipo de personas con la total voluntad de satisfacer las necesidades de las personas o instituciones interesadas la compra de productos relacionados con el descanso y la est\u00e9tica e innovaci\u00f3n. Ofrecemos nuestro servicio de asesor\u00eda con excelencia, buscando\" \/>\n<meta property=\"og:url\" content=\"https:\/\/hogardecoracion.co\/inicio\/nosotros\/\" \/>\n<meta property=\"og:site_name\" content=\"hogar y decoraci\u00f3n\" \/>\n<meta property=\"article:modified_time\" content=\"2021-02-18T16:50:27+00:00\" \/>\n<meta name=\"twitter:card\" content=\"summary_large_image\" \/>\n<meta name=\"twitter:label1\" content=\"Tiempo de lectura\" \/>\n\t<meta name=\"twitter:data1\" content=\"2 minutos\" \/>\n<script type=\"application\/ld+json\" class=\"yoast-schema-graph\">{\"@context\":\"https:\/\/schema.org\",\"@graph\":[{\"@type\":\"WebPage\",\"@id\":\"https:\/\/hogardecoracion.co\/inicio\/nosotros\/\",\"url\":\"https:\/\/hogardecoracion.co\/inicio\/nosotros\/\",\"name\":\"Nosotros - hogar y decoraci\u00f3n\",\"isPartOf\":{\"@id\":\"https:\/\/hogardecoracion.co\/inicio\/#website\"},\"datePublished\":\"2015-12-15T07:37:33+00:00\",\"dateModified\":\"2021-02-18T16:50:27+00:00\",\"breadcrumb\":{\"@id\":\"https:\/\/hogardecoracion.co\/inicio\/nosotros\/#breadcrumb\"},\"inLanguage\":\"es\",\"potentialAction\":[{\"@type\":\"ReadAction\",\"target\":[\"https:\/\/hogardecoracion.co\/inicio\/nosotros\/\"]}]},{\"@type\":\"BreadcrumbList\",\"@id\":\"https:\/\/hogardecoracion.co\/inicio\/nosotros\/#breadcrumb\",\"itemListElement\":[{\"@type\":\"ListItem\",\"position\":1,\"name\":\"Portada\",\"item\":\"https:\/\/hogardecoracion.co\/inicio\/\"},{\"@type\":\"ListItem\",\"position\":2,\"name\":\"Nosotros\"}]},{\"@type\":\"WebSite\",\"@id\":\"https:\/\/hogardecoracion.co\/inicio\/#website\",\"url\":\"https:\/\/hogardecoracion.co\/inicio\/\",\"name\":\"hogar y decoraci\u00f3n\",\"description\":\"Hogar y decoraci\u00f3n una empresa con total voluntad de satisfacer las necesidades de las personas o instituciones interesadas en la compra de productos relacionados con est\u00e9tica e innovaci\u00f3n mobiliaria.\",\"potentialAction\":[{\"@type\":\"SearchAction\",\"target\":{\"@type\":\"EntryPoint\",\"urlTemplate\":\"https:\/\/hogardecoracion.co\/inicio\/?s={search_term_string}\"},\"query-input\":{\"@type\":\"PropertyValueSpecification\",\"valueRequired\":true,\"valueName\":\"search_term_string\"}}],\"inLanguage\":\"es\"}]}<\/script>\n<!-- \/ Yoast SEO plugin. -->","yoast_head_json":{"title":"Nosotros - hogar y decoraci\u00f3n","robots":{"index":"index","follow":"follow","max-snippet":"max-snippet:-1","max-image-preview":"max-image-preview:large","max-video-preview":"max-video-preview:-1"},"canonical":"https:\/\/hogardecoracion.co\/inicio\/nosotros\/","og_locale":"es_ES","og_type":"article","og_title":"Nosotros - hogar y decoraci\u00f3n","og_description":"[vc_row css=\u00bb.vc_custom_1451991003825{margin-bottom: 100px !important;}\u00bb][vc_column offset=\u00bbvc_col-lg-9 vc_col-md-9&#8243;][vc_single_image image=\u00bb1846&#8243; img_size=\u00bb1300&#215;410&#8243; alignment=\u00bbcenter\u00bb onclick=\u00bblink_image\u00bb][vc_column_text css=\u00bb.vc_custom_1613667022141{margin-top: 40px !important;}\u00bb] Qui\u00e9nes Somos Somos un equipo de personas con la total voluntad de satisfacer las necesidades de las personas o instituciones interesadas la compra de productos relacionados con el descanso y la est\u00e9tica e innovaci\u00f3n. Ofrecemos nuestro servicio de asesor\u00eda con excelencia, buscando","og_url":"https:\/\/hogardecoracion.co\/inicio\/nosotros\/","og_site_name":"hogar y decoraci\u00f3n","article_modified_time":"2021-02-18T16:50:27+00:00","twitter_card":"summary_large_image","twitter_misc":{"Tiempo de lectura":"2 minutos"},"schema":{"@context":"https:\/\/schema.org","@graph":[{"@type":"WebPage","@id":"https:\/\/hogardecoracion.co\/inicio\/nosotros\/","url":"https:\/\/hogardecoracion.co\/inicio\/nosotros\/","name":"Nosotros - hogar y decoraci\u00f3n","isPartOf":{"@id":"https:\/\/hogardecoracion.co\/inicio\/#website"},"datePublished":"2015-12-15T07:37:33+00:00","dateModified":"2021-02-18T16:50:27+00:00","breadcrumb":{"@id":"https:\/\/hogardecoracion.co\/inicio\/nosotros\/#breadcrumb"},"inLanguage":"es","potentialAction":[{"@type":"ReadAction","target":["https:\/\/hogardecoracion.co\/inicio\/nosotros\/"]}]},{"@type":"BreadcrumbList","@id":"https:\/\/hogardecoracion.co\/inicio\/nosotros\/#breadcrumb","itemListElement":[{"@type":"ListItem","position":1,"name":"Portada","item":"https:\/\/hogardecoracion.co\/inicio\/"},{"@type":"ListItem","position":2,"name":"Nosotros"}]},{"@type":"WebSite","@id":"https:\/\/hogardecoracion.co\/inicio\/#website","url":"https:\/\/hogardecoracion.co\/inicio\/","name":"hogar y decoraci\u00f3n","description":"Hogar y decoraci\u00f3n una empresa con total voluntad de satisfacer las necesidades de las personas o instituciones interesadas en la compra de productos relacionados con est\u00e9tica e innovaci\u00f3n mobiliaria.","potentialAction":[{"@type":"SearchAction","target":{"@type":"EntryPoint","urlTemplate":"https:\/\/hogardecoracion.co\/inicio\/?s={search_term_string}"},"query-input":{"@type":"PropertyValueSpecification","valueRequired":true,"valueName":"search_term_string"}}],"inLanguage":"es"}]}},"_links":{"self":[{"href":"https:\/\/hogardecoracion.co\/inicio\/wp-json\/wp\/v2\/pages\/9","targetHints":{"allow":["GET"]}}],"collection":[{"href":"https:\/\/hogardecoracion.co\/inicio\/wp-json\/wp\/v2\/pages"}],"about":[{"href":"https:\/\/hogardecoracion.co\/inicio\/wp-json\/wp\/v2\/types\/page"}],"author":[{"embeddable":true,"href":"https:\/\/hogardecoracion.co\/inicio\/wp-json\/wp\/v2\/users\/1"}],"replies":[{"embeddable":true,"href":"https:\/\/hogardecoracion.co\/inicio\/wp-json\/wp\/v2\/comments?post=9"}],"version-history":[{"count":35,"href":"https:\/\/hogardecoracion.co\/inicio\/wp-json\/wp\/v2\/pages\/9\/revisions"}],"predecessor-version":[{"id":2398,"href":"https:\/\/hogardecoracion.co\/inicio\/wp-json\/wp\/v2\/pages\/9\/revisions\/2398"}],"wp:attachment":[{"href":"https:\/\/hogardecoracion.co\/inicio\/wp-json\/wp\/v2\/media?parent=9"}],"curies":[{"name":"wp","href":"https:\/\/api.w.org\/{rel}","templated":true}]}}