{"id":4974,"date":"2025-10-09T16:02:12","date_gmt":"2025-10-09T16:02:12","guid":{"rendered":"https:\/\/hogardecoracion.co\/inicio\/?page_id=4974"},"modified":"2025-10-09T18:00:25","modified_gmt":"2025-10-09T18:00:25","slug":"politica-de-privacidad","status":"publish","type":"page","link":"https:\/\/hogardecoracion.co\/inicio\/politica-de-privacidad\/","title":{"rendered":"Politica de Privacidad"},"content":{"rendered":"<p>[vc_row][vc_column][vc_tta_accordion c_position=\u00bbright\u00bb active_section=\u00bb1&#8243;][vc_tta_section title=\u00bb1. Normatividad\u00bb tab_id=\u00bb1760016029629-0379b21f-6a6f\u00bb][vc_column_text]En cumplimiento de lo dispuesto en la Ley 1581 de 2012, el Decreto 1377 de 2013 y dem\u00e1s normas concordantes que regulan la protecci\u00f3n de datos personales en Colombia, HOGAR Y DECORACI\u00d3N informa su pol\u00edtica de tratamiento de la informaci\u00f3n recolectada a trav\u00e9s del sitio web <a href=\"https:\/\/hogardecoracion.co\">https:\/\/hogardecoracion.co<\/a><\/p>\n<p>El objetivo de esta pol\u00edtica es informar a los titulares de los datos personales sobre los derechos que les asisten, los procedimientos y mecanismos dispuestos para ejercerlos, as\u00ed como el alcance y finalidad del tratamiento al que ser\u00e1n sometidos sus datos personales.[\/vc_column_text][\/vc_tta_section][vc_tta_section title=\u00bb2. Responsable del tratamiento\u00bb tab_id=\u00bb1760016029630-e0259529-b5c4&#8243;][vc_column_text]Nombre comercial: Hogar y Decoraci\u00f3n<br \/>\nDirecci\u00f3n: Sede Principal kra 52 # 73 &#8211; 56 Bogot\u00e1, Colombia<br \/>\nTel\u00e9fonos: (601) 479 5327 \/ (601) 704 7389<br \/>\nCelular: 3103401221 \/ 3164723730<br \/>\nSitio web: https:\/\/hogardecoracion.co[\/vc_column_text][\/vc_tta_section][vc_tta_section title=\u00bb3. Datos personales objeto de tratamiento\u00bb tab_id=\u00bb1760016070614-6e01077e-63df\u00bb][vc_column_text]<\/p>\n<p data-start=\"1620\" data-end=\"1718\">Hogar y Decoraci\u00f3n podr\u00e1 recolectar los siguientes datos personales de los usuarios del sitio web:<\/p>\n<ul data-start=\"1720\" data-end=\"1923\">\n<li data-start=\"1720\" data-end=\"1743\">\n<p data-start=\"1722\" data-end=\"1743\">Nombres y apellidos<\/p>\n<\/li>\n<li data-start=\"1744\" data-end=\"1766\">\n<p data-start=\"1746\" data-end=\"1766\">Correo electr\u00f3nico<\/p>\n<\/li>\n<li data-start=\"1789\" data-end=\"1853\">\n<p data-start=\"1791\" data-end=\"1853\">Mensaje o informaci\u00f3n contenida en el formulario de contacto<\/p>\n<\/li>\n<li data-start=\"1854\" data-end=\"1923\">\n<p data-start=\"1856\" data-end=\"1923\">Direcci\u00f3n IP y otros datos t\u00e9cnicos b\u00e1sicos de conexi\u00f3n (si aplica)<\/p>\n<\/li>\n<\/ul>\n<p data-start=\"1925\" data-end=\"1995\">No se recolectan datos sensibles ni financieros mediante el sitio web.<\/p>\n<p>[\/vc_column_text][\/vc_tta_section][vc_tta_section title=\u00bb4. Finalidades del tratamiento\u00bb tab_id=\u00bb1760016074213-9d6deb26-9515&#8243;][vc_column_text]<\/p>\n<p data-start=\"2037\" data-end=\"2129\">Los datos personales recolectados ser\u00e1n utilizados exclusivamente para los siguientes fines:<\/p>\n<ul data-start=\"2131\" data-end=\"2652\">\n<li data-start=\"2131\" data-end=\"2258\">\n<p data-start=\"2134\" data-end=\"2258\">Dar respuesta a solicitudes, quejas, reclamos o comentarios enviados por los usuarios a trav\u00e9s del formulario de contacto.<\/p>\n<\/li>\n<li data-start=\"2259\" data-end=\"2348\">\n<p data-start=\"2262\" data-end=\"2348\">Establecer comunicaci\u00f3n con el usuario en relaci\u00f3n con su solicitud o requerimiento.<\/p>\n<\/li>\n<li data-start=\"2349\" data-end=\"2422\">\n<p data-start=\"2352\" data-end=\"2422\">Llevar registro interno de las comunicaciones y consultas recibidas.<\/p>\n<\/li>\n<li data-start=\"2423\" data-end=\"2509\">\n<p data-start=\"2426\" data-end=\"2509\">Cumplir con obligaciones legales o contractuales derivadas del servicio prestado.<\/p>\n<\/li>\n<li data-start=\"2510\" data-end=\"2652\">\n<p data-start=\"2513\" data-end=\"2652\">Enviar informaci\u00f3n relacionada con los servicios o productos de Hogar y Decoraci\u00f3n, siempre que el usuario haya otorgado su consentimiento.<\/p>\n<\/li>\n<\/ul>\n<p>[\/vc_column_text][\/vc_tta_section][vc_tta_section title=\u00bb5. Principios aplicables al tratamiento de datos personales\u00bb tab_id=\u00bb1760016075701-60e806cc-8fb2&#8243;][vc_column_text]<\/p>\n<p data-start=\"2723\" data-end=\"2825\">El tratamiento de los datos personales realizado por Hogar y Decoraci\u00f3n se rige por los principios de:<\/p>\n<ul data-start=\"2827\" data-end=\"3011\">\n<li data-start=\"2827\" data-end=\"2844\">\n<p data-start=\"2829\" data-end=\"2844\">Legalidad<\/p>\n<\/li>\n<li data-start=\"2845\" data-end=\"2862\">\n<p data-start=\"2847\" data-end=\"2862\">Finalidad<\/p>\n<\/li>\n<li data-start=\"2863\" data-end=\"2879\">\n<p data-start=\"2865\" data-end=\"2879\">Libertad<\/p>\n<\/li>\n<li data-start=\"2880\" data-end=\"2907\">\n<p data-start=\"2882\" data-end=\"2907\">Veracidad o calidad<\/p>\n<\/li>\n<li data-start=\"2908\" data-end=\"2929\">\n<p data-start=\"2910\" data-end=\"2929\">Transparencia<\/p>\n<\/li>\n<li data-start=\"2930\" data-end=\"2970\">\n<p data-start=\"2932\" data-end=\"2970\">Acceso y circulaci\u00f3n restringida<\/p>\n<\/li>\n<li data-start=\"2971\" data-end=\"2988\">\n<p data-start=\"2973\" data-end=\"2988\">Seguridad<\/p>\n<\/li>\n<li data-start=\"2989\" data-end=\"3011\">\n<p data-start=\"2991\" data-end=\"3011\">Confidencialidad<\/p>\n<\/li>\n<\/ul>\n<p>[\/vc_column_text][\/vc_tta_section][vc_tta_section title=\u00bb6. Derechos de los titulares\u00bb tab_id=\u00bb1760016077284-051abd7b-d91f\u00bb][vc_column_text]<\/p>\n<p data-start=\"3051\" data-end=\"3146\">De conformidad con la Ley 1581 de 2012, los titulares de los datos personales tienen derecho a:<\/p>\n<ul data-start=\"3148\" data-end=\"3693\">\n<li data-start=\"3148\" data-end=\"3207\">\n<p data-start=\"3151\" data-end=\"3207\">Conocer, actualizar y rectificar sus datos personales.<\/p>\n<\/li>\n<li data-start=\"3208\" data-end=\"3278\">\n<p data-start=\"3211\" data-end=\"3278\">Solicitar prueba de la autorizaci\u00f3n otorgada para el tratamiento.<\/p>\n<\/li>\n<li data-start=\"3279\" data-end=\"3343\">\n<p data-start=\"3282\" data-end=\"3343\">Ser informados sobre el uso que se les ha dado a sus datos.<\/p>\n<\/li>\n<li data-start=\"3344\" data-end=\"3451\">\n<p data-start=\"3347\" data-end=\"3451\">Presentar quejas ante la Superintendencia de Industria y Comercio (SIC) por infracciones a la ley.<\/p>\n<\/li>\n<li data-start=\"3452\" data-end=\"3603\">\n<p data-start=\"3455\" data-end=\"3603\">Revocar la autorizaci\u00f3n y\/o solicitar la supresi\u00f3n del dato cuando no se respeten los principios, derechos y garant\u00edas constitucionales y legales.<\/p>\n<\/li>\n<li data-start=\"3604\" data-end=\"3693\">\n<p data-start=\"3607\" data-end=\"3693\">Acceder en forma gratuita a sus datos personales que hayan sido objeto de tratamiento.<\/p>\n<\/li>\n<\/ul>\n<p>[\/vc_column_text][\/vc_tta_section][vc_tta_section title=\u00bb7. Procedimiento para ejercer los derechos\u00bb tab_id=\u00bb1760016078503-45b2279a-4861&#8243;][vc_column_text]<\/p>\n<p data-start=\"3747\" data-end=\"3918\">El titular de los datos o su representante podr\u00e1 presentar consultas o reclamos relacionados con el tratamiento de sus datos personales mediante los siguientes medios:<\/p>\n<ul data-start=\"3920\" data-end=\"4027\">\n<li data-start=\"3920\" data-end=\"3976\">\n<p data-start=\"3922\" data-end=\"3976\">Celular: 3103401221 \/ 3164723730<\/p>\n<\/li>\n<li data-start=\"3977\" data-end=\"4027\">\n<p data-start=\"3979\" data-end=\"4027\">Tel\u00e9fonos: (601) 479 5327 \/ (601) 704 7389<\/p>\n<\/li>\n<\/ul>\n<p data-start=\"4029\" data-end=\"4138\">Las solicitudes ser\u00e1n atendidas en los t\u00e9rminos previstos por el art\u00edculo 14 y 15 de la Ley 1581 de 2012:<\/p>\n<ul data-start=\"4140\" data-end=\"4304\">\n<li data-start=\"4140\" data-end=\"4222\">\n<p data-start=\"4142\" data-end=\"4222\">Consultas: dentro de los diez (10) d\u00edas h\u00e1biles siguientes a la recepci\u00f3n.<\/p>\n<\/li>\n<li data-start=\"4223\" data-end=\"4304\">\n<p data-start=\"4225\" data-end=\"4304\">Reclamos: dentro de los quince (15) d\u00edas h\u00e1biles siguientes a la recepci\u00f3n.<\/p>\n<\/li>\n<\/ul>\n<p>[\/vc_column_text][\/vc_tta_section][vc_tta_section title=\u00bb8. Medidas de seguridad\u00bb tab_id=\u00bb1760016079820-886b02d5-9dda\u00bb][vc_column_text]Hogar y Decoraci\u00f3n implementa medidas t\u00e9cnicas, humanas y administrativas necesarias para garantizar la seguridad de los datos personales, evitando su p\u00e9rdida, acceso no autorizado o uso indebido.<br data-start=\"4535\" data-end=\"4538\" \/>No obstante, el usuario reconoce que ning\u00fan sistema de transmisi\u00f3n por internet es completamente seguro y que, al usar el sitio, lo hace bajo su propio riesgo.[\/vc_column_text][\/vc_tta_section][vc_tta_section title=\u00bb9. Transferencia y transmisi\u00f3n de datos\u00bb tab_id=\u00bb1760016087189-844071f6-d428&#8243;][vc_column_text]<\/p>\n<p data-start=\"4748\" data-end=\"4891\">Hogar y Decoraci\u00f3n no comparte, vende ni alquila datos personales a terceros.<br data-start=\"4825\" data-end=\"4828\" \/>Solo se podr\u00e1n transferir o transmitir datos personales cuando:<\/p>\n<ul data-start=\"4893\" data-end=\"5053\">\n<li data-start=\"4893\" data-end=\"4940\">\n<p data-start=\"4895\" data-end=\"4940\">Sea requerido por una autoridad competente.<\/p>\n<\/li>\n<li data-start=\"4941\" data-end=\"4985\">\n<p data-start=\"4943\" data-end=\"4985\">Exista autorizaci\u00f3n expresa del titular.<\/p>\n<\/li>\n<li data-start=\"4986\" data-end=\"5053\">\n<p data-start=\"4988\" data-end=\"5053\">Sea necesario para el cumplimiento de obligaciones contractuales.<\/p>\n<\/li>\n<\/ul>\n<p>[\/vc_column_text][\/vc_tta_section][vc_tta_section title=\u00bb10. Uso de cookies y tecnolog\u00edas similares\u00bb tab_id=\u00bb1760016139356-431c1aeb-f521&#8243;][vc_column_text]El sitio web puede utilizar cookies con fines t\u00e9cnicos y estad\u00edsticos.<br data-start=\"5177\" data-end=\"5180\" \/>El usuario puede configurar su navegador para bloquear o eliminar las cookies; sin embargo, esto podr\u00eda limitar la funcionalidad de algunas secciones del sitio.[\/vc_column_text][\/vc_tta_section][vc_tta_section title=\u00bb11. Vigencia de la pol\u00edtica y de las bases de datos\u00bb tab_id=\u00bb1760016141668-af9fb8ef-91cc\u00bb][vc_column_text]<\/p>\n<p data-start=\"5403\" data-end=\"5613\">La presente pol\u00edtica entra en vigencia a partir de la fecha indicada y permanecer\u00e1 vigente mientras se mantenga la relaci\u00f3n con el titular de los datos o mientras sea necesario para las finalidades se\u00f1aladas.<\/p>\n<p data-start=\"5615\" data-end=\"5745\">Las bases de datos estar\u00e1n vigentes indefinidamente, mientras se mantenga la finalidad para la cual fueron recolectados los datos.<\/p>\n<p>[\/vc_column_text][\/vc_tta_section][vc_tta_section title=\u00bb12. Modificaciones a la pol\u00edtica\u00bb tab_id=\u00bb1760016777274-c4d6b844-03e2&#8243;][vc_column_text]Hogar y Decoraci\u00f3n se reserva el derecho de modificar esta pol\u00edtica en cualquier momento. Cualquier cambio sustancial ser\u00e1 publicado en el sitio web y se notificar\u00e1 a los usuarios mediante los medios disponibles.[\/vc_column_text][\/vc_tta_section][\/vc_tta_accordion][\/vc_column][\/vc_row]<\/p>\n","protected":false},"excerpt":{"rendered":"<p>[vc_row][vc_column][vc_tta_accordion c_position=\u00bbright\u00bb active_section=\u00bb1&#8243;][vc_tta_section title=\u00bb1. Normatividad\u00bb tab_id=\u00bb1760016029629-0379b21f-6a6f\u00bb][vc_column_text]En cumplimiento de lo dispuesto en la Ley 1581 de 2012, el Decreto 1377 de 2013 y dem\u00e1s normas concordantes que regulan la protecci\u00f3n de datos personales en Colombia, HOGAR Y DECORACI\u00d3N informa su pol\u00edtica de tratamiento de la informaci\u00f3n recolectada a trav\u00e9s del sitio web https:\/\/hogardecoracion.co El objetivo de<\/p>\n","protected":false},"author":1,"featured_media":0,"parent":0,"menu_order":0,"comment_status":"closed","ping_status":"closed","template":"","meta":{"footnotes":""},"class_list":["post-4974","page","type-page","status-publish","hentry"],"yoast_head":"<!-- This site is optimized with the Yoast SEO plugin v26.3 - https:\/\/yoast.com\/wordpress\/plugins\/seo\/ -->\n<title>Politica de Privacidad - hogar y decoraci\u00f3n<\/title>\n<meta name=\"robots\" content=\"index, follow, max-snippet:-1, max-image-preview:large, max-video-preview:-1\" \/>\n<link rel=\"canonical\" href=\"https:\/\/hogardecoracion.co\/inicio\/politica-de-privacidad\/\" \/>\n<meta property=\"og:locale\" content=\"es_ES\" \/>\n<meta property=\"og:type\" content=\"article\" \/>\n<meta property=\"og:title\" content=\"Politica de Privacidad - hogar y decoraci\u00f3n\" \/>\n<meta property=\"og:description\" content=\"[vc_row][vc_column][vc_tta_accordion c_position=\u00bbright\u00bb active_section=\u00bb1&#8243;][vc_tta_section title=\u00bb1. Normatividad\u00bb tab_id=\u00bb1760016029629-0379b21f-6a6f\u00bb][vc_column_text]En cumplimiento de lo dispuesto en la Ley 1581 de 2012, el Decreto 1377 de 2013 y dem\u00e1s normas concordantes que regulan la protecci\u00f3n de datos personales en Colombia, HOGAR Y DECORACI\u00d3N informa su pol\u00edtica de tratamiento de la informaci\u00f3n recolectada a trav\u00e9s del sitio web https:\/\/hogardecoracion.co El objetivo de\" \/>\n<meta property=\"og:url\" content=\"https:\/\/hogardecoracion.co\/inicio\/politica-de-privacidad\/\" \/>\n<meta property=\"og:site_name\" content=\"hogar y decoraci\u00f3n\" \/>\n<meta property=\"article:modified_time\" content=\"2025-10-09T18:00:25+00:00\" \/>\n<meta name=\"twitter:card\" content=\"summary_large_image\" \/>\n<script type=\"application\/ld+json\" class=\"yoast-schema-graph\">{\"@context\":\"https:\/\/schema.org\",\"@graph\":[{\"@type\":\"WebPage\",\"@id\":\"https:\/\/hogardecoracion.co\/inicio\/politica-de-privacidad\/\",\"url\":\"https:\/\/hogardecoracion.co\/inicio\/politica-de-privacidad\/\",\"name\":\"Politica de Privacidad - hogar y decoraci\u00f3n\",\"isPartOf\":{\"@id\":\"https:\/\/hogardecoracion.co\/inicio\/#website\"},\"datePublished\":\"2025-10-09T16:02:12+00:00\",\"dateModified\":\"2025-10-09T18:00:25+00:00\",\"breadcrumb\":{\"@id\":\"https:\/\/hogardecoracion.co\/inicio\/politica-de-privacidad\/#breadcrumb\"},\"inLanguage\":\"es\",\"potentialAction\":[{\"@type\":\"ReadAction\",\"target\":[\"https:\/\/hogardecoracion.co\/inicio\/politica-de-privacidad\/\"]}]},{\"@type\":\"BreadcrumbList\",\"@id\":\"https:\/\/hogardecoracion.co\/inicio\/politica-de-privacidad\/#breadcrumb\",\"itemListElement\":[{\"@type\":\"ListItem\",\"position\":1,\"name\":\"Portada\",\"item\":\"https:\/\/hogardecoracion.co\/inicio\/\"},{\"@type\":\"ListItem\",\"position\":2,\"name\":\"Politica de Privacidad\"}]},{\"@type\":\"WebSite\",\"@id\":\"https:\/\/hogardecoracion.co\/inicio\/#website\",\"url\":\"https:\/\/hogardecoracion.co\/inicio\/\",\"name\":\"hogar y decoraci\u00f3n\",\"description\":\"Hogar y decoraci\u00f3n una empresa con total voluntad de satisfacer las necesidades de las personas o instituciones interesadas en la compra de productos relacionados con est\u00e9tica e innovaci\u00f3n mobiliaria.\",\"potentialAction\":[{\"@type\":\"SearchAction\",\"target\":{\"@type\":\"EntryPoint\",\"urlTemplate\":\"https:\/\/hogardecoracion.co\/inicio\/?s={search_term_string}\"},\"query-input\":{\"@type\":\"PropertyValueSpecification\",\"valueRequired\":true,\"valueName\":\"search_term_string\"}}],\"inLanguage\":\"es\"}]}<\/script>\n<!-- \/ Yoast SEO plugin. -->","yoast_head_json":{"title":"Politica de Privacidad - hogar y decoraci\u00f3n","robots":{"index":"index","follow":"follow","max-snippet":"max-snippet:-1","max-image-preview":"max-image-preview:large","max-video-preview":"max-video-preview:-1"},"canonical":"https:\/\/hogardecoracion.co\/inicio\/politica-de-privacidad\/","og_locale":"es_ES","og_type":"article","og_title":"Politica de Privacidad - hogar y decoraci\u00f3n","og_description":"[vc_row][vc_column][vc_tta_accordion c_position=\u00bbright\u00bb active_section=\u00bb1&#8243;][vc_tta_section title=\u00bb1. Normatividad\u00bb tab_id=\u00bb1760016029629-0379b21f-6a6f\u00bb][vc_column_text]En cumplimiento de lo dispuesto en la Ley 1581 de 2012, el Decreto 1377 de 2013 y dem\u00e1s normas concordantes que regulan la protecci\u00f3n de datos personales en Colombia, HOGAR Y DECORACI\u00d3N informa su pol\u00edtica de tratamiento de la informaci\u00f3n recolectada a trav\u00e9s del sitio web https:\/\/hogardecoracion.co El objetivo de","og_url":"https:\/\/hogardecoracion.co\/inicio\/politica-de-privacidad\/","og_site_name":"hogar y decoraci\u00f3n","article_modified_time":"2025-10-09T18:00:25+00:00","twitter_card":"summary_large_image","schema":{"@context":"https:\/\/schema.org","@graph":[{"@type":"WebPage","@id":"https:\/\/hogardecoracion.co\/inicio\/politica-de-privacidad\/","url":"https:\/\/hogardecoracion.co\/inicio\/politica-de-privacidad\/","name":"Politica de Privacidad - hogar y decoraci\u00f3n","isPartOf":{"@id":"https:\/\/hogardecoracion.co\/inicio\/#website"},"datePublished":"2025-10-09T16:02:12+00:00","dateModified":"2025-10-09T18:00:25+00:00","breadcrumb":{"@id":"https:\/\/hogardecoracion.co\/inicio\/politica-de-privacidad\/#breadcrumb"},"inLanguage":"es","potentialAction":[{"@type":"ReadAction","target":["https:\/\/hogardecoracion.co\/inicio\/politica-de-privacidad\/"]}]},{"@type":"BreadcrumbList","@id":"https:\/\/hogardecoracion.co\/inicio\/politica-de-privacidad\/#breadcrumb","itemListElement":[{"@type":"ListItem","position":1,"name":"Portada","item":"https:\/\/hogardecoracion.co\/inicio\/"},{"@type":"ListItem","position":2,"name":"Politica de Privacidad"}]},{"@type":"WebSite","@id":"https:\/\/hogardecoracion.co\/inicio\/#website","url":"https:\/\/hogardecoracion.co\/inicio\/","name":"hogar y decoraci\u00f3n","description":"Hogar y decoraci\u00f3n una empresa con total voluntad de satisfacer las necesidades de las personas o instituciones interesadas en la compra de productos relacionados con est\u00e9tica e innovaci\u00f3n mobiliaria.","potentialAction":[{"@type":"SearchAction","target":{"@type":"EntryPoint","urlTemplate":"https:\/\/hogardecoracion.co\/inicio\/?s={search_term_string}"},"query-input":{"@type":"PropertyValueSpecification","valueRequired":true,"valueName":"search_term_string"}}],"inLanguage":"es"}]}},"_links":{"self":[{"href":"https:\/\/hogardecoracion.co\/inicio\/wp-json\/wp\/v2\/pages\/4974","targetHints":{"allow":["GET"]}}],"collection":[{"href":"https:\/\/hogardecoracion.co\/inicio\/wp-json\/wp\/v2\/pages"}],"about":[{"href":"https:\/\/hogardecoracion.co\/inicio\/wp-json\/wp\/v2\/types\/page"}],"author":[{"embeddable":true,"href":"https:\/\/hogardecoracion.co\/inicio\/wp-json\/wp\/v2\/users\/1"}],"replies":[{"embeddable":true,"href":"https:\/\/hogardecoracion.co\/inicio\/wp-json\/wp\/v2\/comments?post=4974"}],"version-history":[{"count":7,"href":"https:\/\/hogardecoracion.co\/inicio\/wp-json\/wp\/v2\/pages\/4974\/revisions"}],"predecessor-version":[{"id":5003,"href":"https:\/\/hogardecoracion.co\/inicio\/wp-json\/wp\/v2\/pages\/4974\/revisions\/5003"}],"wp:attachment":[{"href":"https:\/\/hogardecoracion.co\/inicio\/wp-json\/wp\/v2\/media?parent=4974"}],"curies":[{"name":"wp","href":"https:\/\/api.w.org\/{rel}","templated":true}]}}